{"id":1315,"date":"2024-02-22T20:49:10","date_gmt":"2024-02-22T20:49:10","guid":{"rendered":"https:\/\/ventilmanetti.ind.br\/?page_id=1315"},"modified":"2024-04-24T17:23:32","modified_gmt":"2024-04-24T17:23:32","slug":"engate-macho-p-20","status":"publish","type":"page","link":"https:\/\/ventilmanetti.ind.br\/index.php\/engate-macho-p-20\/","title":{"rendered":"Engate Macho P-20"},"content":{"rendered":"\t\t<div data-elementor-type=\"wp-page\" data-elementor-id=\"1315\" class=\"elementor elementor-1315\">\n\t\t\t\t<div class=\"elementor-element elementor-element-8bed1e1 e-flex e-con-boxed e-con e-parent\" data-id=\"8bed1e1\" data-element_type=\"container\">\n\t\t\t\t\t<div class=\"e-con-inner\">\n\t\t<div class=\"elementor-element elementor-element-d0a3078 e-flex e-con-boxed e-con e-child\" data-id=\"d0a3078\" data-element_type=\"container\">\n\t\t\t\t\t<div class=\"e-con-inner\">\n\t\t<div class=\"elementor-element elementor-element-58c08e0 e-con-full e-flex e-con e-child\" data-id=\"58c08e0\" data-element_type=\"container\">\n\t\t\t\t<div class=\"elementor-element elementor-element-470a424 elementor-widget elementor-widget-heading\" data-id=\"470a424\" data-element_type=\"widget\" data-widget_type=\"heading.default\">\n\t\t\t\t<div class=\"elementor-widget-container\">\n\t\t\t<h2 class=\"elementor-heading-title elementor-size-default\">Engate Macho P-20<\/h2>\t\t<\/div>\n\t\t\t\t<\/div>\n\t\t\t\t<div class=\"elementor-element elementor-element-f9ae0d4 elementor-widget__width-initial elementor-widget-divider--view-line elementor-widget elementor-widget-divider\" data-id=\"f9ae0d4\" data-element_type=\"widget\" data-widget_type=\"divider.default\">\n\t\t\t\t<div class=\"elementor-widget-container\">\n\t\t\t\t\t<div class=\"elementor-divider\">\n\t\t\t<span class=\"elementor-divider-separator\">\n\t\t\t\t\t\t<\/span>\n\t\t<\/div>\n\t\t\t\t<\/div>\n\t\t\t\t<\/div>\n\t\t\t\t<\/div>\n\t\t\t\t\t<\/div>\n\t\t\t\t<\/div>\n\t\t<div class=\"elementor-element elementor-element-4186eab e-flex e-con-boxed e-con e-child\" data-id=\"4186eab\" data-element_type=\"container\">\n\t\t\t\t\t<div class=\"e-con-inner\">\n\t\t<div class=\"elementor-element elementor-element-3454392 e-con-full e-flex e-con e-child\" data-id=\"3454392\" data-element_type=\"container\">\n\t\t\t\t<div class=\"elementor-element elementor-element-a842937 elementor-widget__width-initial elementor-widget elementor-widget-image\" data-id=\"a842937\" data-element_type=\"widget\" data-widget_type=\"image.default\">\n\t\t\t\t<div class=\"elementor-widget-container\">\n\t\t\t\t\t\t\t\t\t\t\t\t\t<img fetchpriority=\"high\" decoding=\"async\" width=\"1097\" height=\"1279\" src=\"https:\/\/ventilmanetti.ind.br\/wp-content\/uploads\/2024\/03\/EMP20-01.png\" class=\"attachment-1536x1536 size-1536x1536 wp-image-3030\" alt=\"Engate Macho P-20\" srcset=\"https:\/\/ventilmanetti.ind.br\/wp-content\/uploads\/2024\/03\/EMP20-01.png 1097w, https:\/\/ventilmanetti.ind.br\/wp-content\/uploads\/2024\/03\/EMP20-01-257x300.png 257w, https:\/\/ventilmanetti.ind.br\/wp-content\/uploads\/2024\/03\/EMP20-01-878x1024.png 878w, https:\/\/ventilmanetti.ind.br\/wp-content\/uploads\/2024\/03\/EMP20-01-768x895.png 768w\" sizes=\"(max-width: 1097px) 100vw, 1097px\" \/>\t\t\t\t\t\t\t\t\t\t\t\t\t<\/div>\n\t\t\t\t<\/div>\n\t\t\t\t<\/div>\n\t\t<div class=\"elementor-element elementor-element-cb574bc e-con-full e-flex e-con e-child\" data-id=\"cb574bc\" data-element_type=\"container\">\n\t\t\t\t<div class=\"elementor-element elementor-element-1c5a026 elementor-widget elementor-widget-text-editor\" data-id=\"1c5a026\" data-element_type=\"widget\" data-widget_type=\"text-editor.default\">\n\t\t\t\t<div class=\"elementor-widget-container\">\n\t\t\t\t\t\t\t<table><tbody><tr style=\"display: table-row;\"><td align=\"center\" bgcolor=\"#cccccc\" width=\"42\">10<\/td><td align=\"center\" bgcolor=\"#cccccc\" width=\"26\">1<\/td><td bgcolor=\"#cccccc\" width=\"97\">\u00a0<\/td><td bgcolor=\"#cccccc\" width=\"259\">ANEL EL\u00c1STICO<\/td><td bgcolor=\"#cccccc\" width=\"134\">A\u00c7O<\/td><\/tr><tr style=\"display: table-row;\"><td align=\"center\" bgcolor=\"#acacac\">9<\/td><td align=\"center\" bgcolor=\"#acacac\">1<\/td><td bgcolor=\"#acacac\">EM-P20-010<\/td><td bgcolor=\"#acacac\">MOLA<\/td><td bgcolor=\"#acacac\">A\u00c7O INOX<\/td><\/tr><tr style=\"display: table-row;\"><td align=\"center\" bgcolor=\"#cccccc\">8<\/td><td align=\"center\" bgcolor=\"#cccccc\">1<\/td><td bgcolor=\"#cccccc\">EM-P20-009<\/td><td bgcolor=\"#cccccc\">ARRUELA<\/td><td bgcolor=\"#cccccc\">LAT\u00c3O<\/td><\/tr><tr style=\"display: table-row;\"><td align=\"center\" bgcolor=\"#acacac\">7<\/td><td align=\"center\" bgcolor=\"#acacac\">1<\/td><td bgcolor=\"#acacac\">EM-P20-008<\/td><td bgcolor=\"#acacac\">PORTA VEDA\u00c7\u00c3O<\/td><td bgcolor=\"#acacac\">LAT\u00c3O<\/td><\/tr><tr style=\"display: table-row;\"><td align=\"center\" bgcolor=\"#cccccc\">6<\/td><td align=\"center\" bgcolor=\"#cccccc\">1<\/td><td bgcolor=\"#cccccc\">EM-P20-007<\/td><td bgcolor=\"#cccccc\">ARRUELA C\u00d4NICA<\/td><td bgcolor=\"#cccccc\">BR. NITR\u00cdLICA<\/td><\/tr><tr style=\"display: table-row;\"><td align=\"center\" bgcolor=\"#acacac\">5<\/td><td align=\"center\" bgcolor=\"#acacac\">1<\/td><td bgcolor=\"#acacac\"><p>EM-P20-006<\/p><\/td><td bgcolor=\"#acacac\">ARRUELA DO PORTA VEDA\u00c7\u00c3O<\/td><td bgcolor=\"#acacac\">LAT\u00c3O<\/td><\/tr><tr style=\"display: table-row;\"><td align=\"center\" bgcolor=\"#cccccc\">4<\/td><td align=\"center\" bgcolor=\"#cccccc\">1<\/td><td bgcolor=\"#cccccc\">EM-P20-005<\/td><td bgcolor=\"#cccccc\">PARAFUSO DO PORTA VEDA\u00c7\u00c3O<\/td><td bgcolor=\"#cccccc\">LAT\u00c3O<\/td><\/tr><tr style=\"display: table-row;\"><td align=\"center\" bgcolor=\"#acacac\">3<\/td><td align=\"center\" bgcolor=\"#acacac\">2<\/td><td bgcolor=\"#acacac\">EM-P20-004<\/td><td bgcolor=\"#acacac\">ORING<\/td><td bgcolor=\"#acacac\">BR. NITR\u00cdLICA<\/td><\/tr><tr style=\"display: table-row;\"><td align=\"center\" bgcolor=\"#cccccc\">2<\/td><td align=\"center\" bgcolor=\"#cccccc\">1<\/td><td bgcolor=\"#cccccc\">EM-P20-003<\/td><td bgcolor=\"#cccccc\">ARRUELA PLANA<\/td><td bgcolor=\"#cccccc\">BR. NITR\u00cdLICA<\/td><\/tr><tr style=\"display: table-row;\"><td align=\"center\" bgcolor=\"#acacac\">1<\/td><td align=\"center\" bgcolor=\"#acacac\">1<\/td><td bgcolor=\"#acacac\">EM-P20-002<\/td><td bgcolor=\"#acacac\">CORPO<\/td><td bgcolor=\"#acacac\">LAT\u00c3O<\/td><\/tr><tr style=\"display: table-row;\"><th bgcolor=\"#999999\">ITEM<\/th><th bgcolor=\"#999999\">QT.<\/th><th bgcolor=\"#999999\">DES. N\u00ba.<\/th><th bgcolor=\"#999999\">DESCRI\u00c7\u00c3O<\/th><th bgcolor=\"#999999\">MATERIAL<\/th><\/tr><\/tbody><\/table>\t\t\t\t\t\t<\/div>\n\t\t\t\t<\/div>\n\t\t\t\t<\/div>\n\t\t\t\t\t<\/div>\n\t\t\t\t<\/div>\n\t\t\t\t\t<\/div>\n\t\t\t\t<\/div>\n\t\t\t\t<\/div>\n\t\t","protected":false},"excerpt":{"rendered":"<p>Engate Macho P-20 10 1 \u00a0 ANEL EL\u00c1STICO A\u00c7O 9 1 EM-P20-010 MOLA A\u00c7O INOX 8 1 EM-P20-009 ARRUELA LAT\u00c3O 7 1 EM-P20-008 PORTA VEDA\u00c7\u00c3O LAT\u00c3O 6 1 EM-P20-007 ARRUELA C\u00d4NICA BR. NITR\u00cdLICA 5 1 EM-P20-006 ARRUELA DO PORTA VEDA\u00c7\u00c3O LAT\u00c3O 4 1 EM-P20-005 PARAFUSO DO PORTA VEDA\u00c7\u00c3O LAT\u00c3O 3 2 EM-P20-004 ORING BR. NITR\u00cdLICA [&hellip;]<\/p>\n","protected":false},"author":1,"featured_media":0,"parent":0,"menu_order":0,"comment_status":"closed","ping_status":"closed","template":"","meta":{"_eb_attr":"","footnotes":""},"class_list":["post-1315","page","type-page","status-publish","hentry"],"_links":{"self":[{"href":"https:\/\/ventilmanetti.ind.br\/index.php\/wp-json\/wp\/v2\/pages\/1315"}],"collection":[{"href":"https:\/\/ventilmanetti.ind.br\/index.php\/wp-json\/wp\/v2\/pages"}],"about":[{"href":"https:\/\/ventilmanetti.ind.br\/index.php\/wp-json\/wp\/v2\/types\/page"}],"author":[{"embeddable":true,"href":"https:\/\/ventilmanetti.ind.br\/index.php\/wp-json\/wp\/v2\/users\/1"}],"replies":[{"embeddable":true,"href":"https:\/\/ventilmanetti.ind.br\/index.php\/wp-json\/wp\/v2\/comments?post=1315"}],"version-history":[{"count":103,"href":"https:\/\/ventilmanetti.ind.br\/index.php\/wp-json\/wp\/v2\/pages\/1315\/revisions"}],"predecessor-version":[{"id":3063,"href":"https:\/\/ventilmanetti.ind.br\/index.php\/wp-json\/wp\/v2\/pages\/1315\/revisions\/3063"}],"wp:attachment":[{"href":"https:\/\/ventilmanetti.ind.br\/index.php\/wp-json\/wp\/v2\/media?parent=1315"}],"curies":[{"name":"wp","href":"https:\/\/api.w.org\/{rel}","templated":true}]}}