{"id":1373,"date":"2024-02-22T22:39:09","date_gmt":"2024-02-22T22:39:09","guid":{"rendered":"https:\/\/ventilmanetti.ind.br\/?page_id=1373"},"modified":"2024-03-19T19:43:08","modified_gmt":"2024-03-19T19:43:08","slug":"valvula-de-seguranca-p20","status":"publish","type":"page","link":"https:\/\/ventilmanetti.ind.br\/index.php\/valvula-de-seguranca-p20\/","title":{"rendered":"V\u00e1lvula de Seguran\u00e7a P20"},"content":{"rendered":"\t\t<div data-elementor-type=\"wp-page\" data-elementor-id=\"1373\" class=\"elementor elementor-1373\">\n\t\t\t\t<div class=\"elementor-element elementor-element-8bed1e1 e-flex e-con-boxed e-con e-parent\" data-id=\"8bed1e1\" data-element_type=\"container\">\n\t\t\t\t\t<div class=\"e-con-inner\">\n\t\t<div class=\"elementor-element elementor-element-d0a3078 e-flex e-con-boxed e-con e-child\" data-id=\"d0a3078\" data-element_type=\"container\">\n\t\t\t\t\t<div class=\"e-con-inner\">\n\t\t<div class=\"elementor-element elementor-element-58c08e0 e-con-full e-flex e-con e-child\" data-id=\"58c08e0\" data-element_type=\"container\">\n\t\t\t\t<div class=\"elementor-element elementor-element-470a424 elementor-widget__width-initial elementor-widget elementor-widget-heading\" data-id=\"470a424\" data-element_type=\"widget\" data-widget_type=\"heading.default\">\n\t\t\t\t<div class=\"elementor-widget-container\">\n\t\t\t<h2 class=\"elementor-heading-title elementor-size-default\">V\u00e1lvula de Seguran\u00e7a P-20<\/h2>\t\t<\/div>\n\t\t\t\t<\/div>\n\t\t\t\t<div class=\"elementor-element elementor-element-f9ae0d4 elementor-widget__width-initial elementor-widget-divider--view-line elementor-widget elementor-widget-divider\" data-id=\"f9ae0d4\" data-element_type=\"widget\" data-widget_type=\"divider.default\">\n\t\t\t\t<div class=\"elementor-widget-container\">\n\t\t\t\t\t<div class=\"elementor-divider\">\n\t\t\t<span class=\"elementor-divider-separator\">\n\t\t\t\t\t\t<\/span>\n\t\t<\/div>\n\t\t\t\t<\/div>\n\t\t\t\t<\/div>\n\t\t\t\t<\/div>\n\t\t\t\t\t<\/div>\n\t\t\t\t<\/div>\n\t\t<div class=\"elementor-element elementor-element-4186eab e-flex e-con-boxed e-con e-child\" data-id=\"4186eab\" data-element_type=\"container\">\n\t\t\t\t\t<div class=\"e-con-inner\">\n\t\t<div class=\"elementor-element elementor-element-3454392 e-con-full e-flex e-con e-child\" data-id=\"3454392\" data-element_type=\"container\">\n\t\t\t\t<div class=\"elementor-element elementor-element-a842937 elementor-widget__width-initial elementor-widget elementor-widget-image\" data-id=\"a842937\" data-element_type=\"widget\" data-widget_type=\"image.default\">\n\t\t\t\t<div class=\"elementor-widget-container\">\n\t\t\t\t\t\t\t\t\t\t\t\t\t<img fetchpriority=\"high\" decoding=\"async\" width=\"657\" height=\"802\" src=\"https:\/\/ventilmanetti.ind.br\/wp-content\/uploads\/2024\/02\/valv-seg-p20-1.jpg\" class=\"attachment-large size-large wp-image-1384\" alt=\"V\u00e1lvula de Seguran\u00e7a P-20\" srcset=\"https:\/\/ventilmanetti.ind.br\/wp-content\/uploads\/2024\/02\/valv-seg-p20-1.jpg 657w, https:\/\/ventilmanetti.ind.br\/wp-content\/uploads\/2024\/02\/valv-seg-p20-1-246x300.jpg 246w\" sizes=\"(max-width: 657px) 100vw, 657px\" \/>\t\t\t\t\t\t\t\t\t\t\t\t\t<\/div>\n\t\t\t\t<\/div>\n\t\t\t\t<\/div>\n\t\t<div class=\"elementor-element elementor-element-cb574bc e-con-full e-flex e-con e-child\" data-id=\"cb574bc\" data-element_type=\"container\">\n\t\t\t\t<div class=\"elementor-element elementor-element-59fb302 elementor-widget elementor-widget-text-editor\" data-id=\"59fb302\" data-element_type=\"widget\" data-widget_type=\"text-editor.default\">\n\t\t\t\t<div class=\"elementor-widget-container\">\n\t\t\t\t\t\t\t<table><tbody><tr style=\"display: table-row;\"><td align=\"center\" bgcolor=\"#acacac\" width=\"42\">5<\/td><td align=\"center\" bgcolor=\"#acacac\" width=\"26\">1<\/td><td bgcolor=\"#acacac\" width=\"60\">N-1030-009<\/td><td bgcolor=\"#acacac\" width=\"204\">GUARNI\u00c7\u00c3O<\/td><td bgcolor=\"#acacac\" width=\"157\">BR. NITR\u00cdLICA<\/td><\/tr><tr style=\"display: table-row;\"><td align=\"center\" bgcolor=\"#cccccc\">4<\/td><td align=\"center\" bgcolor=\"#cccccc\">1<\/td><td bgcolor=\"#cccccc\">N-1030-009<\/td><td bgcolor=\"#cccccc\">PORTA GUARNI\u00c7\u00c3O<\/td><td bgcolor=\"#cccccc\">LAT\u00c3O<\/td><\/tr><tr style=\"display: table-row;\"><td align=\"center\" bgcolor=\"#acacac\">3<\/td><td align=\"center\" bgcolor=\"#acacac\">1<\/td><td bgcolor=\"#acacac\">N-1030-010<\/td><td bgcolor=\"#acacac\">MOLA<\/td><td bgcolor=\"#acacac\">A\u00c7O INOX.<\/td><\/tr><tr style=\"display: table-row;\"><td align=\"center\" bgcolor=\"#cccccc\">2<\/td><td align=\"center\" bgcolor=\"#cccccc\">1<\/td><td bgcolor=\"#cccccc\">SEG\/003<\/td><td bgcolor=\"#cccccc\">PORCA DE REGULAGEM<\/td><td bgcolor=\"#cccccc\">LAT\u00c3O<\/td><\/tr><tr style=\"display: table-row;\"><td align=\"center\" bgcolor=\"#acacac\">1<\/td><td align=\"center\" bgcolor=\"#acacac\">1<\/td><td bgcolor=\"#acacac\">SEG\/002<\/td><td bgcolor=\"#acacac\">CORPO<\/td><td bgcolor=\"#acacac\">LAT\u00c3O<\/td><\/tr><tr style=\"display: table-row;\"><th bgcolor=\"#999999\">ITEM<\/th><th bgcolor=\"#999999\">QT.<\/th><th bgcolor=\"#999999\">DES. N\u00ba.<\/th><th bgcolor=\"#999999\">DESCRI\u00c7\u00c3O<\/th><th bgcolor=\"#999999\">MATERIAL<\/th><\/tr><\/tbody><\/table>\t\t\t\t\t\t<\/div>\n\t\t\t\t<\/div>\n\t\t\t\t<\/div>\n\t\t\t\t\t<\/div>\n\t\t\t\t<\/div>\n\t\t\t\t\t<\/div>\n\t\t\t\t<\/div>\n\t\t\t\t<\/div>\n\t\t","protected":false},"excerpt":{"rendered":"<p>V\u00e1lvula de Seguran\u00e7a P-20 5 1 N-1030-009 GUARNI\u00c7\u00c3O BR. NITR\u00cdLICA 4 1 N-1030-009 PORTA GUARNI\u00c7\u00c3O LAT\u00c3O 3 1 N-1030-010 MOLA A\u00c7O INOX. 2 1 SEG\/003 PORCA DE REGULAGEM LAT\u00c3O 1 1 SEG\/002 CORPO LAT\u00c3O ITEM QT. DES. N\u00ba. DESCRI\u00c7\u00c3O MATERIAL<\/p>\n","protected":false},"author":1,"featured_media":0,"parent":0,"menu_order":0,"comment_status":"closed","ping_status":"closed","template":"","meta":{"_eb_attr":"","footnotes":""},"class_list":["post-1373","page","type-page","status-publish","hentry"],"_links":{"self":[{"href":"https:\/\/ventilmanetti.ind.br\/index.php\/wp-json\/wp\/v2\/pages\/1373"}],"collection":[{"href":"https:\/\/ventilmanetti.ind.br\/index.php\/wp-json\/wp\/v2\/pages"}],"about":[{"href":"https:\/\/ventilmanetti.ind.br\/index.php\/wp-json\/wp\/v2\/types\/page"}],"author":[{"embeddable":true,"href":"https:\/\/ventilmanetti.ind.br\/index.php\/wp-json\/wp\/v2\/users\/1"}],"replies":[{"embeddable":true,"href":"https:\/\/ventilmanetti.ind.br\/index.php\/wp-json\/wp\/v2\/comments?post=1373"}],"version-history":[{"count":91,"href":"https:\/\/ventilmanetti.ind.br\/index.php\/wp-json\/wp\/v2\/pages\/1373\/revisions"}],"predecessor-version":[{"id":3036,"href":"https:\/\/ventilmanetti.ind.br\/index.php\/wp-json\/wp\/v2\/pages\/1373\/revisions\/3036"}],"wp:attachment":[{"href":"https:\/\/ventilmanetti.ind.br\/index.php\/wp-json\/wp\/v2\/media?parent=1373"}],"curies":[{"name":"wp","href":"https:\/\/api.w.org\/{rel}","templated":true}]}}