{"id":1420,"date":"2024-02-26T13:42:22","date_gmt":"2024-02-26T13:42:22","guid":{"rendered":"https:\/\/ventilmanetti.ind.br\/?page_id=1420"},"modified":"2025-01-08T14:51:15","modified_gmt":"2025-01-08T14:51:15","slug":"registro-p-45-p-90","status":"publish","type":"page","link":"https:\/\/ventilmanetti.ind.br\/index.php\/registro-p-45-p-90\/","title":{"rendered":"Registro P-45 \/ P-90"},"content":{"rendered":"\t\t<div data-elementor-type=\"wp-page\" data-elementor-id=\"1420\" class=\"elementor elementor-1420\">\n\t\t\t\t<div class=\"elementor-element elementor-element-8bed1e1 e-flex e-con-boxed e-con e-parent\" data-id=\"8bed1e1\" data-element_type=\"container\">\n\t\t\t\t\t<div class=\"e-con-inner\">\n\t\t<div class=\"elementor-element elementor-element-d0a3078 e-flex e-con-boxed e-con e-child\" data-id=\"d0a3078\" data-element_type=\"container\">\n\t\t\t\t\t<div class=\"e-con-inner\">\n\t\t<div class=\"elementor-element elementor-element-58c08e0 e-con-full e-flex e-con e-child\" data-id=\"58c08e0\" data-element_type=\"container\">\n\t\t\t\t<div class=\"elementor-element elementor-element-470a424 elementor-widget__width-initial elementor-widget elementor-widget-heading\" data-id=\"470a424\" data-element_type=\"widget\" data-widget_type=\"heading.default\">\n\t\t\t\t<div class=\"elementor-widget-container\">\n\t\t\t<h2 class=\"elementor-heading-title elementor-size-default\">Registro P-45 \/ P-90<\/h2>\t\t<\/div>\n\t\t\t\t<\/div>\n\t\t\t\t<div class=\"elementor-element elementor-element-f9ae0d4 elementor-widget__width-initial elementor-widget-divider--view-line elementor-widget elementor-widget-divider\" data-id=\"f9ae0d4\" data-element_type=\"widget\" data-widget_type=\"divider.default\">\n\t\t\t\t<div class=\"elementor-widget-container\">\n\t\t\t\t\t<div class=\"elementor-divider\">\n\t\t\t<span class=\"elementor-divider-separator\">\n\t\t\t\t\t\t<\/span>\n\t\t<\/div>\n\t\t\t\t<\/div>\n\t\t\t\t<\/div>\n\t\t\t\t<\/div>\n\t\t\t\t\t<\/div>\n\t\t\t\t<\/div>\n\t\t<div class=\"elementor-element elementor-element-4186eab e-flex e-con-boxed e-con e-child\" data-id=\"4186eab\" data-element_type=\"container\">\n\t\t\t\t\t<div class=\"e-con-inner\">\n\t\t<div class=\"elementor-element elementor-element-3454392 e-con-full e-flex e-con e-child\" data-id=\"3454392\" data-element_type=\"container\">\n\t\t\t\t<div class=\"elementor-element elementor-element-a842937 elementor-widget__width-initial elementor-widget elementor-widget-image\" data-id=\"a842937\" data-element_type=\"widget\" data-widget_type=\"image.default\">\n\t\t\t\t<div class=\"elementor-widget-container\">\n\t\t\t\t\t\t\t\t\t\t\t\t\t<img fetchpriority=\"high\" decoding=\"async\" width=\"780\" height=\"622\" src=\"https:\/\/ventilmanetti.ind.br\/wp-content\/uploads\/2024\/02\/p-45-p-90-1.jpg\" class=\"attachment-full size-full wp-image-1512\" alt=\"Registro P-45 \/ P-90\" srcset=\"https:\/\/ventilmanetti.ind.br\/wp-content\/uploads\/2024\/02\/p-45-p-90-1.jpg 780w, https:\/\/ventilmanetti.ind.br\/wp-content\/uploads\/2024\/02\/p-45-p-90-1-300x239.jpg 300w, https:\/\/ventilmanetti.ind.br\/wp-content\/uploads\/2024\/02\/p-45-p-90-1-768x612.jpg 768w\" sizes=\"(max-width: 780px) 100vw, 780px\" \/>\t\t\t\t\t\t\t\t\t\t\t\t\t<\/div>\n\t\t\t\t<\/div>\n\t\t\t\t<\/div>\n\t\t<div class=\"elementor-element elementor-element-cb574bc e-con-full e-flex e-con e-child\" data-id=\"cb574bc\" data-element_type=\"container\">\n\t\t\t\t<div class=\"elementor-element elementor-element-54d4051 elementor-widget elementor-widget-text-editor\" data-id=\"54d4051\" data-element_type=\"widget\" data-widget_type=\"text-editor.default\">\n\t\t\t\t<div class=\"elementor-widget-container\">\n\t\t\t\t\t\t\t<table class=\"ea-advanced-data-table ea-advanced-data-table-ninja ea-advanced-data-table-4dc2f58 ea-advanced-data-table-paginated\" data-id=\"4dc2f58\" data-items-per-page=\"10\"><tbody><tr style=\"display: table-row;\"><td align=\"center\" bgcolor=\"#cccccc\" width=\"42\">14<\/td><td align=\"center\" bgcolor=\"#cccccc\" width=\"26\">1<\/td><td bgcolor=\"#cccccc\" width=\"121\">\u00a0<\/td><td bgcolor=\"#cccccc\" width=\"183\">PARAFUSO<\/td><td bgcolor=\"#cccccc\" width=\"131\">A\u00c7O<\/td><\/tr><tr style=\"display: table-row;\"><td align=\"center\" bgcolor=\"#acacac\">13<\/td><td align=\"center\" bgcolor=\"#acacac\">1<\/td><td bgcolor=\"#acacac\">\u00a0<\/td><td bgcolor=\"#acacac\">ARRUELA DENTADA<\/td><td bgcolor=\"#acacac\">A\u00c7O<\/td><\/tr><tr style=\"display: table-row;\"><td align=\"center\" bgcolor=\"#cccccc\">12<\/td><td align=\"center\" bgcolor=\"#cccccc\">1<\/td><td bgcolor=\"#cccccc\">N-1030-011<\/td><td bgcolor=\"#cccccc\">TAMPA<\/td><td bgcolor=\"#cccccc\">LAT\u00c3O<\/td><\/tr><tr style=\"display: table-row;\"><td align=\"center\" bgcolor=\"#acacac\">11<\/td><td align=\"center\" bgcolor=\"#acacac\">1<\/td><td bgcolor=\"#acacac\">N-1030-011<\/td><td bgcolor=\"#acacac\">MOLA<\/td><td bgcolor=\"#acacac\">A\u00c7O INOX.<\/td><\/tr><tr style=\"display: table-row;\"><td align=\"center\" bgcolor=\"#cccccc\">10<\/td><td align=\"center\" bgcolor=\"#cccccc\">1<\/td><td bgcolor=\"#cccccc\">N-1030-009<\/td><td bgcolor=\"#cccccc\">PORTA GUARNI\u00c7\u00c3O<\/td><td bgcolor=\"#cccccc\">LAT\u00c3O<\/td><\/tr><tr style=\"display: table-row;\"><td align=\"center\" bgcolor=\"#acacac\">9<\/td><td align=\"center\" bgcolor=\"#acacac\">1<\/td><td bgcolor=\"#acacac\">N-1030-008<\/td><td bgcolor=\"#acacac\">GUARNI\u00c7\u00c3O<\/td><td bgcolor=\"#acacac\">BR. NITR\u00cdLICA<\/td><\/tr><tr style=\"display: table-row;\"><td align=\"center\" bgcolor=\"#cccccc\">8<\/td><td align=\"center\" bgcolor=\"#cccccc\">1<\/td><td bgcolor=\"#cccccc\">N-1030-007<\/td><td bgcolor=\"#cccccc\">GUARNI\u00c7\u00c3O<\/td><td bgcolor=\"#cccccc\">NYLON 6<\/td><\/tr><tr style=\"display: table-row;\"><td align=\"center\" bgcolor=\"#acacac\">7<\/td><td align=\"center\" bgcolor=\"#acacac\">1<\/td><td bgcolor=\"#acacac\">N-1030-006<\/td><td bgcolor=\"#acacac\">ARRUELA<\/td><td bgcolor=\"#acacac\">COBRE<\/td><\/tr><tr style=\"display: table-row;\"><td align=\"center\" bgcolor=\"#cccccc\">6<\/td><td align=\"center\" bgcolor=\"#cccccc\">2<\/td><td bgcolor=\"#cccccc\">N-1030-012<\/td><td bgcolor=\"#cccccc\">ORING<\/td><td bgcolor=\"#cccccc\">BR. NITR\u00cdLICA<\/td><\/tr><tr style=\"display: table-row;\"><td align=\"center\" bgcolor=\"#acacac\">5<\/td><td align=\"center\" bgcolor=\"#acacac\">1<\/td><td bgcolor=\"#acacac\">N-1030-005<\/td><td bgcolor=\"#acacac\">PIST\u00c3O<\/td><td bgcolor=\"#acacac\">LAT\u00c3O<\/td><\/tr><tr style=\"display: table-row;\"><td align=\"center\" bgcolor=\"#cccccc\">4<\/td><td align=\"center\" bgcolor=\"#cccccc\">1<\/td><td bgcolor=\"#cccccc\">N-1030-004<\/td><td bgcolor=\"#cccccc\">HASTE<\/td><td bgcolor=\"#cccccc\">LAT\u00c3O<\/td><\/tr><tr style=\"display: table-row;\"><td align=\"center\" bgcolor=\"#acacac\">3<\/td><td align=\"center\" bgcolor=\"#acacac\">1<\/td><td bgcolor=\"#acacac\">N-1030-003<\/td><td bgcolor=\"#acacac\">PORCA<\/td><td bgcolor=\"#acacac\">LAT\u00c3O<\/td><\/tr><tr style=\"display: table-row;\"><td align=\"center\" bgcolor=\"#cccccc\">2<\/td><td align=\"center\" bgcolor=\"#cccccc\">1<\/td><td bgcolor=\"#cccccc\">N-1030-002<\/td><td bgcolor=\"#cccccc\">VOLANTE<\/td><td bgcolor=\"#cccccc\">ZAMACK<\/td><\/tr><tr style=\"display: table-row;\"><td align=\"center\" bgcolor=\"#acacac\">1<\/td><td align=\"center\" bgcolor=\"#acacac\">1<\/td><td bgcolor=\"#acacac\">P-45<\/td><td bgcolor=\"#acacac\">CORPO<\/td><td bgcolor=\"#acacac\">LAT\u00c3O<\/td><\/tr><tr style=\"display: table-row;\"><th bgcolor=\"#999999\">ITEM<\/th><th bgcolor=\"#999999\">QT.<\/th><th bgcolor=\"#999999\">DES. N\u00ba.<\/th><th bgcolor=\"#999999\">DESCRI\u00c7\u00c3O<\/th><th bgcolor=\"#999999\">MATERIAL<\/th><\/tr><\/tbody><\/table>\t\t\t\t\t\t<\/div>\n\t\t\t\t<\/div>\n\t\t\t\t<\/div>\n\t\t\t\t\t<\/div>\n\t\t\t\t<\/div>\n\t\t\t\t\t<\/div>\n\t\t\t\t<\/div>\n\t\t\t\t<\/div>\n\t\t","protected":false},"excerpt":{"rendered":"<p>Registro P-45 \/ P-90 14 1 \u00a0 PARAFUSO A\u00c7O 13 1 \u00a0 ARRUELA DENTADA A\u00c7O 12 1 N-1030-011 TAMPA LAT\u00c3O 11 1 N-1030-011 MOLA A\u00c7O INOX. 10 1 N-1030-009 PORTA GUARNI\u00c7\u00c3O LAT\u00c3O 9 1 N-1030-008 GUARNI\u00c7\u00c3O BR. NITR\u00cdLICA 8 1 N-1030-007 GUARNI\u00c7\u00c3O NYLON 6 7 1 N-1030-006 ARRUELA COBRE 6 2 N-1030-012 ORING BR. NITR\u00cdLICA [&hellip;]<\/p>\n","protected":false},"author":1,"featured_media":0,"parent":0,"menu_order":0,"comment_status":"closed","ping_status":"closed","template":"","meta":{"_eb_attr":"","footnotes":""},"class_list":["post-1420","page","type-page","status-publish","hentry"],"_links":{"self":[{"href":"https:\/\/ventilmanetti.ind.br\/index.php\/wp-json\/wp\/v2\/pages\/1420"}],"collection":[{"href":"https:\/\/ventilmanetti.ind.br\/index.php\/wp-json\/wp\/v2\/pages"}],"about":[{"href":"https:\/\/ventilmanetti.ind.br\/index.php\/wp-json\/wp\/v2\/types\/page"}],"author":[{"embeddable":true,"href":"https:\/\/ventilmanetti.ind.br\/index.php\/wp-json\/wp\/v2\/users\/1"}],"replies":[{"embeddable":true,"href":"https:\/\/ventilmanetti.ind.br\/index.php\/wp-json\/wp\/v2\/comments?post=1420"}],"version-history":[{"count":182,"href":"https:\/\/ventilmanetti.ind.br\/index.php\/wp-json\/wp\/v2\/pages\/1420\/revisions"}],"predecessor-version":[{"id":3085,"href":"https:\/\/ventilmanetti.ind.br\/index.php\/wp-json\/wp\/v2\/pages\/1420\/revisions\/3085"}],"wp:attachment":[{"href":"https:\/\/ventilmanetti.ind.br\/index.php\/wp-json\/wp\/v2\/media?parent=1420"}],"curies":[{"name":"wp","href":"https:\/\/api.w.org\/{rel}","templated":true}]}}