{"id":153,"date":"2024-01-28T17:45:01","date_gmt":"2024-01-28T17:45:01","guid":{"rendered":"https:\/\/ventilmanetti.ind.br\/?page_id=153"},"modified":"2024-02-12T10:43:02","modified_gmt":"2024-02-12T10:43:02","slug":"empresa","status":"publish","type":"page","link":"https:\/\/ventilmanetti.ind.br\/index.php\/empresa\/","title":{"rendered":"Empresa"},"content":{"rendered":"\t\t<div data-elementor-type=\"wp-page\" data-elementor-id=\"153\" class=\"elementor elementor-153\">\n\t\t\t\t<div class=\"elementor-element elementor-element-8131227 e-flex e-con-boxed e-con e-parent\" data-id=\"8131227\" data-element_type=\"container\">\n\t\t\t\t\t<div class=\"e-con-inner\">\n\t\t\t\t<div class=\"elementor-element elementor-element-99a3424 elementor-widget elementor-widget-heading\" data-id=\"99a3424\" data-element_type=\"widget\" data-widget_type=\"heading.default\">\n\t\t\t\t<div class=\"elementor-widget-container\">\n\t\t\t<h2 class=\"elementor-heading-title elementor-size-default\">Hist\u00f3ria<\/h2>\t\t<\/div>\n\t\t\t\t<\/div>\n\t\t\t\t<div class=\"elementor-element elementor-element-9160210 elementor-widget__width-initial elementor-widget-divider--view-line elementor-widget elementor-widget-divider\" data-id=\"9160210\" data-element_type=\"widget\" data-widget_type=\"divider.default\">\n\t\t\t\t<div class=\"elementor-widget-container\">\n\t\t\t\t\t<div class=\"elementor-divider\">\n\t\t\t<span class=\"elementor-divider-separator\">\n\t\t\t\t\t\t<\/span>\n\t\t<\/div>\n\t\t\t\t<\/div>\n\t\t\t\t<\/div>\n\t\t\t\t<div class=\"elementor-element elementor-element-4c70582 elementor-widget elementor-widget-heading\" data-id=\"4c70582\" data-element_type=\"widget\" data-widget_type=\"heading.default\">\n\t\t\t\t<div class=\"elementor-widget-container\">\n\t\t\t<h2 class=\"elementor-heading-title elementor-size-medium\">NOSSA TRADI\u00c7\u00c3O COM V\u00c1LVULAS<\/h2>\t\t<\/div>\n\t\t\t\t<\/div>\n\t\t\t\t\t<\/div>\n\t\t\t\t<\/div>\n\t\t<div class=\"elementor-element elementor-element-1e201e8 e-flex e-con-boxed e-con e-parent\" data-id=\"1e201e8\" data-element_type=\"container\">\n\t\t\t\t\t<div class=\"e-con-inner\">\n\t\t<div class=\"elementor-element elementor-element-d5c18d1 e-con-full e-flex e-con e-child\" data-id=\"d5c18d1\" data-element_type=\"container\">\n\t\t\t\t<div class=\"elementor-element elementor-element-1531c34 elementor-widget elementor-widget-text-editor\" data-id=\"1531c34\" data-element_type=\"widget\" data-widget_type=\"text-editor.default\">\n\t\t\t\t<div class=\"elementor-widget-container\">\n\t\t\t\t\t\t\t<div id=\"conteudo_pagina_esq\"><p class=\"conteudo_pagina_esq\">Inicia-se no ano de 1939, com a Funda\u00e7\u00e3o da Ind\u00fastria de V\u00e1lvulas IJAL Ltda, atrav\u00e9s dos Srs. Julio Antonio e Fortunato Manetti, ao fundarem a primeira f\u00e1brica de v\u00e1lvulas para c\u00e2maras de ar para autom\u00f3veis na Am\u00e9rica Latina.<\/p><p class=\"conteudo_pagina_esq\">Empenhada em bons produtos, aliada \u00e0 maquin\u00e1rios n\u00e3o convencionais, projetados e executados dentro das pr\u00f3prias instala\u00e7\u00f5es em sua maioria, j\u00e1 com processos autom\u00e1ticos em seus dispositivos.<\/p><p class=\"conteudo_pagina_esq\">Sua proje\u00e7\u00e3o no campo de v\u00e1lvulas ultrapassou o limite da concorr\u00eancia, for\u00e7ando a multinacional, &#8220;V\u00e1lvulas Schrader do Brasil S\/A&#8221; a adquiri-la para torna-se a \u00fanica fornecedora das Companhias fabricantes de Pneus e C\u00e2maras de Ar, no Ano de 1970;<\/p><p class=\"conteudo_pagina_esq\">Com a venda, o Sr. Nelson Manetti, filho do Sr. Fortunato, foi convidado a fazer parte diretiva na V\u00e1lvulas Schrader, nessa organiza\u00e7\u00e3o, por volta de 1973, foi-lhe dado \u00e0 incumb\u00eancia de organizar um novo departamento de recupera\u00e7\u00e3o de v\u00e1lvulas para Vasilhames de G\u00e1s GLP).<\/p><p class=\"conteudo_pagina_esq\">Em 1986, o Sr. Nelson Manetti se desliga da V\u00e1lvulas Schrader, ap\u00f3s 17 anos de produtivas realiza\u00e7\u00f5es dos quadros da Companhia.<\/p><\/div>\t\t\t\t\t\t<\/div>\n\t\t\t\t<\/div>\n\t\t\t\t<\/div>\n\t\t<div class=\"elementor-element elementor-element-7f364c1 e-con-full e-flex e-con e-child\" data-id=\"7f364c1\" data-element_type=\"container\">\n\t\t\t\t<div class=\"elementor-element elementor-element-63a373e elementor-widget elementor-widget-text-editor\" data-id=\"63a373e\" data-element_type=\"widget\" data-widget_type=\"text-editor.default\">\n\t\t\t\t<div class=\"elementor-widget-container\">\n\t\t\t\t\t\t\t<div id=\"conteudo_pagina_dir\"><p class=\"conteudo_pagina_dir\">A VENTIL MANETTI iniciou suas atividades em setembro de 1986, cuja constitui\u00e7\u00e3o social, foi formada por outros dois ex-colaboradores da V\u00e1lvulas Schrader do Brasil, os Srs. Nelson J. Manetti e Fortunato Manetti Neto.<\/p><p class=\"conteudo_pagina_dir\">No pr\u00e9dio, foram determinadas outras especifica\u00e7\u00f5es para os departamentos, como, por exemplo, \u00e0 mec\u00e2nica, onde produzimos nossos equipamentos; o laborat\u00f3rio, separado do pr\u00e9dio principal, para n\u00e3o haver interfer\u00eancia nos equipamentos do mesmo, esse laborat\u00f3rio de testes \u00e9 o \u00fanico que temos conhecimento, dentre as recuperadoras, fabricantes de v\u00e1lvulas e Cias. de G\u00e1s no Brasil, seguindo as determina\u00e7\u00f5es das Normas da ABNT.<\/p><p class=\"conteudo_pagina_dir\">Hoje como em 1939, nosso lema continua o mesmo &#8211; <strong>&#8220;Qualidade assegurada colaborador qualificado.&#8221;<\/strong><\/p><p class=\"conteudo_pagina_dir\">Essa continuidade na tradi\u00e7\u00e3o em v\u00e1lvulas se deve a tr\u00eas gera\u00e7\u00f5es, do \u201cNono\u201d Fortunato, para o filho Nelson e hoje pelos seus netos, todos formados com os dedos manuseando v\u00e1lvulas desde o inicio de suas forma\u00e7\u00f5es escolares at\u00e9 a dire\u00e7\u00e3o de suas empresas, que continuam com o objetivo de auxiliar no crescimento do nosso Brasil possibilitando mais empregos e melhores condi\u00e7\u00f5es de vida aos nossos colaboradores, dando o melhor de si aos nossos clientes.<\/p><\/div>\t\t\t\t\t\t<\/div>\n\t\t\t\t<\/div>\n\t\t\t\t<\/div>\n\t\t\t\t\t<\/div>\n\t\t\t\t<\/div>\n\t\t\t\t<\/div>\n\t\t","protected":false},"excerpt":{"rendered":"<p>Hist\u00f3ria NOSSA TRADI\u00c7\u00c3O COM V\u00c1LVULAS Inicia-se no ano de 1939, com a Funda\u00e7\u00e3o da Ind\u00fastria de V\u00e1lvulas IJAL Ltda, atrav\u00e9s dos Srs. Julio Antonio e Fortunato Manetti, ao fundarem a primeira f\u00e1brica de v\u00e1lvulas para c\u00e2maras de ar para autom\u00f3veis na Am\u00e9rica Latina. Empenhada em bons produtos, aliada \u00e0 maquin\u00e1rios n\u00e3o convencionais, projetados e executados [&hellip;]<\/p>\n","protected":false},"author":1,"featured_media":0,"parent":0,"menu_order":0,"comment_status":"closed","ping_status":"closed","template":"","meta":{"_eb_attr":"","footnotes":""},"class_list":["post-153","page","type-page","status-publish","hentry"],"_links":{"self":[{"href":"https:\/\/ventilmanetti.ind.br\/index.php\/wp-json\/wp\/v2\/pages\/153"}],"collection":[{"href":"https:\/\/ventilmanetti.ind.br\/index.php\/wp-json\/wp\/v2\/pages"}],"about":[{"href":"https:\/\/ventilmanetti.ind.br\/index.php\/wp-json\/wp\/v2\/types\/page"}],"author":[{"embeddable":true,"href":"https:\/\/ventilmanetti.ind.br\/index.php\/wp-json\/wp\/v2\/users\/1"}],"replies":[{"embeddable":true,"href":"https:\/\/ventilmanetti.ind.br\/index.php\/wp-json\/wp\/v2\/comments?post=153"}],"version-history":[{"count":32,"href":"https:\/\/ventilmanetti.ind.br\/index.php\/wp-json\/wp\/v2\/pages\/153\/revisions"}],"predecessor-version":[{"id":833,"href":"https:\/\/ventilmanetti.ind.br\/index.php\/wp-json\/wp\/v2\/pages\/153\/revisions\/833"}],"wp:attachment":[{"href":"https:\/\/ventilmanetti.ind.br\/index.php\/wp-json\/wp\/v2\/media?parent=153"}],"curies":[{"name":"wp","href":"https:\/\/api.w.org\/{rel}","templated":true}]}}