{"id":155,"date":"2024-01-28T17:46:06","date_gmt":"2024-01-28T17:46:06","guid":{"rendered":"https:\/\/ventilmanetti.ind.br\/?page_id=155"},"modified":"2024-02-11T22:06:52","modified_gmt":"2024-02-11T22:06:52","slug":"missao-visao","status":"publish","type":"page","link":"https:\/\/ventilmanetti.ind.br\/index.php\/missao-visao\/","title":{"rendered":"Miss\u00e3o Vis\u00e3o"},"content":{"rendered":"\t\t<div data-elementor-type=\"wp-page\" data-elementor-id=\"155\" class=\"elementor elementor-155\">\n\t\t\t\t<div class=\"elementor-element elementor-element-c58677a e-flex e-con-boxed e-con e-parent\" data-id=\"c58677a\" data-element_type=\"container\">\n\t\t\t\t\t<div class=\"e-con-inner\">\n\t\t\t\t<div class=\"elementor-element elementor-element-dae7546 elementor-widget elementor-widget-heading\" data-id=\"dae7546\" data-element_type=\"widget\" data-widget_type=\"heading.default\">\n\t\t\t\t<div class=\"elementor-widget-container\">\n\t\t\t<h2 class=\"elementor-heading-title elementor-size-default\">Miss\u00e3o \/ Vis\u00e3o<\/h2>\t\t<\/div>\n\t\t\t\t<\/div>\n\t\t\t\t\t<\/div>\n\t\t\t\t<\/div>\n\t\t<div class=\"elementor-element elementor-element-2c2f0f4 e-flex e-con-boxed e-con e-parent\" data-id=\"2c2f0f4\" data-element_type=\"container\">\n\t\t\t\t\t<div class=\"e-con-inner\">\n\t\t\t\t<div class=\"elementor-element elementor-element-c4c3fba elementor-widget__width-initial elementor-widget-divider--view-line elementor-widget elementor-widget-divider\" data-id=\"c4c3fba\" data-element_type=\"widget\" data-widget_type=\"divider.default\">\n\t\t\t\t<div class=\"elementor-widget-container\">\n\t\t\t\t\t<div class=\"elementor-divider\">\n\t\t\t<span class=\"elementor-divider-separator\">\n\t\t\t\t\t\t<\/span>\n\t\t<\/div>\n\t\t\t\t<\/div>\n\t\t\t\t<\/div>\n\t\t\t\t\t<\/div>\n\t\t\t\t<\/div>\n\t\t<div class=\"elementor-element elementor-element-6448bc8 e-flex e-con-boxed e-con e-parent\" data-id=\"6448bc8\" data-element_type=\"container\">\n\t\t\t\t\t<div class=\"e-con-inner\">\n\t\t<div class=\"elementor-element elementor-element-3e2b3a4 e-con-full e-flex e-con e-child\" data-id=\"3e2b3a4\" data-element_type=\"container\">\n\t\t\t\t<div class=\"elementor-element elementor-element-ae1c5ca elementor-widget elementor-widget-heading\" data-id=\"ae1c5ca\" data-element_type=\"widget\" data-widget_type=\"heading.default\">\n\t\t\t\t<div class=\"elementor-widget-container\">\n\t\t\t<h2 class=\"elementor-heading-title elementor-size-default\">Miss\u00e3o<\/h2>\t\t<\/div>\n\t\t\t\t<\/div>\n\t\t\t\t<div class=\"elementor-element elementor-element-381b6c5 elementor-widget elementor-widget-text-editor\" data-id=\"381b6c5\" data-element_type=\"widget\" data-widget_type=\"text-editor.default\">\n\t\t\t\t<div class=\"elementor-widget-container\">\n\t\t\t\t\t\t\t<p>Destacar-se nos mercados de atua\u00e7\u00e3o, oferecendo e desenvolvendo produtos e servi\u00e7os inovadores, de alta qualidade, tecnologia, confiabilidade, com atendimento e suporte diferenciado.<\/p>\t\t\t\t\t\t<\/div>\n\t\t\t\t<\/div>\n\t\t\t\t<\/div>\n\t\t<div class=\"elementor-element elementor-element-0d78ecf e-con-full e-flex e-con e-child\" data-id=\"0d78ecf\" data-element_type=\"container\">\n\t\t\t\t<div class=\"elementor-element elementor-element-352d2fd elementor-widget elementor-widget-heading\" data-id=\"352d2fd\" data-element_type=\"widget\" data-widget_type=\"heading.default\">\n\t\t\t\t<div class=\"elementor-widget-container\">\n\t\t\t<h2 class=\"elementor-heading-title elementor-size-default\">Vis\u00e3o<\/h2>\t\t<\/div>\n\t\t\t\t<\/div>\n\t\t\t\t<div class=\"elementor-element elementor-element-df3585a elementor-widget elementor-widget-text-editor\" data-id=\"df3585a\" data-element_type=\"widget\" data-widget_type=\"text-editor.default\">\n\t\t\t\t<div class=\"elementor-widget-container\">\n\t\t\t\t\t\t\t<p>Ser uma empresa no ramo de recupera\u00e7\u00e3o de v\u00e1lvulas para recipientes de GLP, fabrica\u00e7\u00e3o e comercializa\u00e7\u00e3o de equipamentos mec\u00e2nicos pneum\u00e1ticos reconhecida como inovadora e melhor fornecedora de produtos e servi\u00e7os, atendendo sempre as expectativas e satisfa\u00e7\u00e3o de seus clientes.<\/p>\t\t\t\t\t\t<\/div>\n\t\t\t\t<\/div>\n\t\t\t\t<\/div>\n\t\t\t\t\t<\/div>\n\t\t\t\t<\/div>\n\t\t\t\t<\/div>\n\t\t","protected":false},"excerpt":{"rendered":"<p>Miss\u00e3o \/ Vis\u00e3o Miss\u00e3o Destacar-se nos mercados de atua\u00e7\u00e3o, oferecendo e desenvolvendo produtos e servi\u00e7os inovadores, de alta qualidade, tecnologia, confiabilidade, com atendimento e suporte diferenciado. Vis\u00e3o Ser uma empresa no ramo de recupera\u00e7\u00e3o de v\u00e1lvulas para recipientes de GLP, fabrica\u00e7\u00e3o e comercializa\u00e7\u00e3o de equipamentos mec\u00e2nicos pneum\u00e1ticos reconhecida como inovadora e melhor fornecedora de produtos [&hellip;]<\/p>\n","protected":false},"author":1,"featured_media":0,"parent":0,"menu_order":0,"comment_status":"closed","ping_status":"closed","template":"","meta":{"_eb_attr":"","footnotes":""},"class_list":["post-155","page","type-page","status-publish","hentry"],"_links":{"self":[{"href":"https:\/\/ventilmanetti.ind.br\/index.php\/wp-json\/wp\/v2\/pages\/155"}],"collection":[{"href":"https:\/\/ventilmanetti.ind.br\/index.php\/wp-json\/wp\/v2\/pages"}],"about":[{"href":"https:\/\/ventilmanetti.ind.br\/index.php\/wp-json\/wp\/v2\/types\/page"}],"author":[{"embeddable":true,"href":"https:\/\/ventilmanetti.ind.br\/index.php\/wp-json\/wp\/v2\/users\/1"}],"replies":[{"embeddable":true,"href":"https:\/\/ventilmanetti.ind.br\/index.php\/wp-json\/wp\/v2\/comments?post=155"}],"version-history":[{"count":13,"href":"https:\/\/ventilmanetti.ind.br\/index.php\/wp-json\/wp\/v2\/pages\/155\/revisions"}],"predecessor-version":[{"id":826,"href":"https:\/\/ventilmanetti.ind.br\/index.php\/wp-json\/wp\/v2\/pages\/155\/revisions\/826"}],"wp:attachment":[{"href":"https:\/\/ventilmanetti.ind.br\/index.php\/wp-json\/wp\/v2\/media?parent=155"}],"curies":[{"name":"wp","href":"https:\/\/api.w.org\/{rel}","templated":true}]}}