{"id":1571,"date":"2024-02-27T16:05:54","date_gmt":"2024-02-27T16:05:54","guid":{"rendered":"https:\/\/ventilmanetti.ind.br\/?page_id=1571"},"modified":"2024-03-19T19:49:28","modified_gmt":"2024-03-19T19:49:28","slug":"registro-p-20","status":"publish","type":"page","link":"https:\/\/ventilmanetti.ind.br\/index.php\/registro-p-20\/","title":{"rendered":"Registro P-20"},"content":{"rendered":"\t\t<div data-elementor-type=\"wp-page\" data-elementor-id=\"1571\" class=\"elementor elementor-1571\">\n\t\t\t\t<div class=\"elementor-element elementor-element-8bed1e1 e-flex e-con-boxed e-con e-parent\" data-id=\"8bed1e1\" data-element_type=\"container\">\n\t\t\t\t\t<div class=\"e-con-inner\">\n\t\t<div class=\"elementor-element elementor-element-d0a3078 e-flex e-con-boxed e-con e-child\" data-id=\"d0a3078\" data-element_type=\"container\">\n\t\t\t\t\t<div class=\"e-con-inner\">\n\t\t<div class=\"elementor-element elementor-element-58c08e0 e-con-full e-flex e-con e-child\" data-id=\"58c08e0\" data-element_type=\"container\">\n\t\t\t\t<div class=\"elementor-element elementor-element-470a424 elementor-widget__width-initial elementor-widget elementor-widget-heading\" data-id=\"470a424\" data-element_type=\"widget\" data-widget_type=\"heading.default\">\n\t\t\t\t<div class=\"elementor-widget-container\">\n\t\t\t<h2 class=\"elementor-heading-title elementor-size-default\">Registro P-20<\/h2>\t\t<\/div>\n\t\t\t\t<\/div>\n\t\t\t\t<div class=\"elementor-element elementor-element-f9ae0d4 elementor-widget__width-initial elementor-widget-divider--view-line elementor-widget elementor-widget-divider\" data-id=\"f9ae0d4\" data-element_type=\"widget\" data-widget_type=\"divider.default\">\n\t\t\t\t<div class=\"elementor-widget-container\">\n\t\t\t\t\t<div class=\"elementor-divider\">\n\t\t\t<span class=\"elementor-divider-separator\">\n\t\t\t\t\t\t<\/span>\n\t\t<\/div>\n\t\t\t\t<\/div>\n\t\t\t\t<\/div>\n\t\t\t\t<\/div>\n\t\t\t\t\t<\/div>\n\t\t\t\t<\/div>\n\t\t<div class=\"elementor-element elementor-element-4186eab e-flex e-con-boxed e-con e-child\" data-id=\"4186eab\" data-element_type=\"container\">\n\t\t\t\t\t<div class=\"e-con-inner\">\n\t\t<div class=\"elementor-element elementor-element-3454392 e-con-full e-flex e-con e-child\" data-id=\"3454392\" data-element_type=\"container\">\n\t\t\t\t<div class=\"elementor-element elementor-element-a842937 elementor-widget__width-initial elementor-widget elementor-widget-image\" data-id=\"a842937\" data-element_type=\"widget\" data-widget_type=\"image.default\">\n\t\t\t\t<div class=\"elementor-widget-container\">\n\t\t\t\t\t\t\t\t\t\t\t\t\t<img fetchpriority=\"high\" decoding=\"async\" width=\"538\" height=\"482\" src=\"https:\/\/ventilmanetti.ind.br\/wp-content\/uploads\/2024\/02\/registro-p20.png\" class=\"attachment-full size-full wp-image-1574\" alt=\"Registro P-20\" srcset=\"https:\/\/ventilmanetti.ind.br\/wp-content\/uploads\/2024\/02\/registro-p20.png 538w, https:\/\/ventilmanetti.ind.br\/wp-content\/uploads\/2024\/02\/registro-p20-300x269.png 300w\" sizes=\"(max-width: 538px) 100vw, 538px\" \/>\t\t\t\t\t\t\t\t\t\t\t\t\t<\/div>\n\t\t\t\t<\/div>\n\t\t\t\t<\/div>\n\t\t<div class=\"elementor-element elementor-element-cb574bc e-con-full e-flex e-con e-child\" data-id=\"cb574bc\" data-element_type=\"container\">\n\t\t\t\t<div class=\"elementor-element elementor-element-ae8d0f0 elementor-widget elementor-widget-text-editor\" data-id=\"ae8d0f0\" data-element_type=\"widget\" data-widget_type=\"text-editor.default\">\n\t\t\t\t<div class=\"elementor-widget-container\">\n\t\t\t\t\t\t\t<table class=\"ea-advanced-data-table ea-advanced-data-table-ninja ea-advanced-data-table-4dc2f58 ea-advanced-data-table-paginated\" data-id=\"4dc2f58\" data-items-per-page=\"10\"><tbody><tr style=\"display: table-row;\"><td align=\"center\" bgcolor=\"#cccccc\" width=\"42\">10<\/td><td align=\"center\" bgcolor=\"#cccccc\" width=\"26\">1<\/td><td bgcolor=\"#cccccc\" width=\"97\">\u00a0<\/td><td bgcolor=\"#cccccc\" width=\"259\">PARAFUSO<\/td><td bgcolor=\"#cccccc\" width=\"134\">A\u00c7O<\/td><\/tr><tr style=\"display: table-row;\"><td align=\"center\" bgcolor=\"#acacac\">9<\/td><td align=\"center\" bgcolor=\"#acacac\">1<\/td><td bgcolor=\"#acacac\">\u00a0<\/td><td bgcolor=\"#acacac\">ARRUELA DENTADA<\/td><td bgcolor=\"#acacac\">A\u00c7O<\/td><\/tr><tr style=\"display: table-row;\"><td align=\"center\" bgcolor=\"#cccccc\">8<\/td><td align=\"center\" bgcolor=\"#cccccc\">1<\/td><td bgcolor=\"#cccccc\">N-1030-007<\/td><td bgcolor=\"#cccccc\">GUARNI\u00c7\u00c3O<\/td><td bgcolor=\"#cccccc\">NYLON 6<\/td><\/tr><tr style=\"display: table-row;\"><td align=\"center\" bgcolor=\"#acacac\">7<\/td><td align=\"center\" bgcolor=\"#acacac\">1<\/td><td bgcolor=\"#acacac\">N-1030-006<\/td><td bgcolor=\"#acacac\">ARRUELA<\/td><td bgcolor=\"#acacac\">COBRE<\/td><\/tr><tr style=\"display: table-row;\"><td align=\"center\" bgcolor=\"#cccccc\">6<\/td><td align=\"center\" bgcolor=\"#cccccc\">2<\/td><td bgcolor=\"#cccccc\">N-1030-012<\/td><td bgcolor=\"#cccccc\">ORING<\/td><td bgcolor=\"#cccccc\">BR. NITR\u00cdLICA<\/td><\/tr><tr style=\"display: table-row;\"><td align=\"center\" bgcolor=\"#acacac\">5<\/td><td align=\"center\" bgcolor=\"#acacac\">1<\/td><td bgcolor=\"#acacac\">N-1030-005<\/td><td bgcolor=\"#acacac\">PIST\u00c3O<\/td><td bgcolor=\"#acacac\">LAT\u00c3O<\/td><\/tr><tr style=\"display: table-row;\"><td align=\"center\" bgcolor=\"#cccccc\">4<\/td><td align=\"center\" bgcolor=\"#cccccc\">1<\/td><td bgcolor=\"#cccccc\">N-1030-004<\/td><td bgcolor=\"#cccccc\">HASTE<\/td><td bgcolor=\"#cccccc\">LAT\u00c3O<\/td><\/tr><tr style=\"display: table-row;\"><td align=\"center\" bgcolor=\"#acacac\">3<\/td><td align=\"center\" bgcolor=\"#acacac\">1<\/td><td bgcolor=\"#acacac\">N-1030-003<\/td><td bgcolor=\"#acacac\">PORCA<\/td><td bgcolor=\"#acacac\">LAT\u00c3O<\/td><\/tr><tr style=\"display: table-row;\"><td align=\"center\" bgcolor=\"#cccccc\">2<\/td><td align=\"center\" bgcolor=\"#cccccc\">1<\/td><td bgcolor=\"#cccccc\">N-1030-002<\/td><td bgcolor=\"#cccccc\">VOLANTE<\/td><td bgcolor=\"#cccccc\">ZAMACK<\/td><\/tr><tr style=\"display: table-row;\"><td align=\"center\" bgcolor=\"#acacac\">1<\/td><td align=\"center\" bgcolor=\"#acacac\">1<\/td><td bgcolor=\"#acacac\">P-20-002<\/td><td bgcolor=\"#acacac\">CORPO<\/td><td bgcolor=\"#acacac\">LAT\u00c3O<\/td><\/tr><tr style=\"display: table-row;\"><th bgcolor=\"#999999\">ITEM<\/th><th bgcolor=\"#999999\">QT.<\/th><th bgcolor=\"#999999\">DES. N\u00ba.<\/th><th bgcolor=\"#999999\">DESCRI\u00c7\u00c3O<\/th><th bgcolor=\"#999999\">MATERIAL<\/th><\/tr><\/tbody><\/table>\t\t\t\t\t\t<\/div>\n\t\t\t\t<\/div>\n\t\t\t\t<\/div>\n\t\t\t\t\t<\/div>\n\t\t\t\t<\/div>\n\t\t\t\t\t<\/div>\n\t\t\t\t<\/div>\n\t\t\t\t<\/div>\n\t\t","protected":false},"excerpt":{"rendered":"<p>Registro P-20 10 1 \u00a0 PARAFUSO A\u00c7O 9 1 \u00a0 ARRUELA DENTADA A\u00c7O 8 1 N-1030-007 GUARNI\u00c7\u00c3O NYLON 6 7 1 N-1030-006 ARRUELA COBRE 6 2 N-1030-012 ORING BR. NITR\u00cdLICA 5 1 N-1030-005 PIST\u00c3O LAT\u00c3O 4 1 N-1030-004 HASTE LAT\u00c3O 3 1 N-1030-003 PORCA LAT\u00c3O 2 1 N-1030-002 VOLANTE ZAMACK 1 1 P-20-002 CORPO LAT\u00c3O [&hellip;]<\/p>\n","protected":false},"author":1,"featured_media":0,"parent":0,"menu_order":0,"comment_status":"closed","ping_status":"closed","template":"","meta":{"_eb_attr":"","footnotes":""},"class_list":["post-1571","page","type-page","status-publish","hentry"],"_links":{"self":[{"href":"https:\/\/ventilmanetti.ind.br\/index.php\/wp-json\/wp\/v2\/pages\/1571"}],"collection":[{"href":"https:\/\/ventilmanetti.ind.br\/index.php\/wp-json\/wp\/v2\/pages"}],"about":[{"href":"https:\/\/ventilmanetti.ind.br\/index.php\/wp-json\/wp\/v2\/types\/page"}],"author":[{"embeddable":true,"href":"https:\/\/ventilmanetti.ind.br\/index.php\/wp-json\/wp\/v2\/users\/1"}],"replies":[{"embeddable":true,"href":"https:\/\/ventilmanetti.ind.br\/index.php\/wp-json\/wp\/v2\/comments?post=1571"}],"version-history":[{"count":28,"href":"https:\/\/ventilmanetti.ind.br\/index.php\/wp-json\/wp\/v2\/pages\/1571\/revisions"}],"predecessor-version":[{"id":3048,"href":"https:\/\/ventilmanetti.ind.br\/index.php\/wp-json\/wp\/v2\/pages\/1571\/revisions\/3048"}],"wp:attachment":[{"href":"https:\/\/ventilmanetti.ind.br\/index.php\/wp-json\/wp\/v2\/media?parent=1571"}],"curies":[{"name":"wp","href":"https:\/\/api.w.org\/{rel}","templated":true}]}}