{"id":1774,"date":"2024-02-29T14:28:07","date_gmt":"2024-02-29T14:28:07","guid":{"rendered":"https:\/\/ventilmanetti.ind.br\/?page_id=1774"},"modified":"2024-03-18T15:12:26","modified_gmt":"2024-03-18T15:12:26","slug":"localizacao","status":"publish","type":"page","link":"https:\/\/ventilmanetti.ind.br\/index.php\/localizacao\/","title":{"rendered":"Localiza\u00e7\u00e3o"},"content":{"rendered":"\t\t<div data-elementor-type=\"wp-page\" data-elementor-id=\"1774\" class=\"elementor elementor-1774\">\n\t\t\t\t<div class=\"elementor-element elementor-element-8bed1e1 e-flex e-con-boxed e-con e-parent\" data-id=\"8bed1e1\" data-element_type=\"container\">\n\t\t\t\t\t<div class=\"e-con-inner\">\n\t\t<div class=\"elementor-element elementor-element-d0a3078 e-flex e-con-boxed e-con e-child\" data-id=\"d0a3078\" data-element_type=\"container\">\n\t\t\t\t\t<div class=\"e-con-inner\">\n\t\t<div class=\"elementor-element elementor-element-58c08e0 e-flex e-con-boxed e-con e-child\" data-id=\"58c08e0\" data-element_type=\"container\">\n\t\t\t\t\t<div class=\"e-con-inner\">\n\t\t\t\t<div class=\"elementor-element elementor-element-470a424 elementor-widget elementor-widget-heading\" data-id=\"470a424\" data-element_type=\"widget\" data-widget_type=\"heading.default\">\n\t\t\t\t<div class=\"elementor-widget-container\">\n\t\t\t<h2 class=\"elementor-heading-title elementor-size-default\">Localiza\u00e7\u00e3o<\/h2>\t\t<\/div>\n\t\t\t\t<\/div>\n\t\t\t\t<div class=\"elementor-element elementor-element-f9ae0d4 elementor-widget__width-initial elementor-widget-divider--view-line elementor-widget elementor-widget-divider\" data-id=\"f9ae0d4\" data-element_type=\"widget\" data-widget_type=\"divider.default\">\n\t\t\t\t<div class=\"elementor-widget-container\">\n\t\t\t\t\t<div class=\"elementor-divider\">\n\t\t\t<span class=\"elementor-divider-separator\">\n\t\t\t\t\t\t<\/span>\n\t\t<\/div>\n\t\t\t\t<\/div>\n\t\t\t\t<\/div>\n\t\t\t\t\t<\/div>\n\t\t\t\t<\/div>\n\t\t\t\t\t<\/div>\n\t\t\t\t<\/div>\n\t\t<div class=\"elementor-element elementor-element-4186eab e-con-full e-flex e-con e-child\" data-id=\"4186eab\" data-element_type=\"container\">\n\t\t\t\t<div class=\"elementor-element elementor-element-1cb65d7 elementor-widget__width-initial elementor-widget elementor-widget-text-editor\" data-id=\"1cb65d7\" data-element_type=\"widget\" data-widget_type=\"text-editor.default\">\n\t\t\t\t<div class=\"elementor-widget-container\">\n\t\t\t\t\t\t\t<div align=\"center\">\n<p class=\"center\"><iframe src=\"https:\/\/maps.google.com.br\/maps\/ms?msa=0&amp;msid=216491826839873877153.0004c1bb9b3da3f42a116&amp;hl=pt-BR&amp;ie=UTF8&amp;ll=-23.482684,-46.641311&amp;spn=0,0&amp;t=h&amp;output=embed\" width=\"425\" height=\"350\" frameborder=\"0\" marginwidth=\"0\" marginheight=\"0\" scrolling=\"no\"><\/iframe>\n<small style=\"color: #000;\">Visualizar <a style=\"color: #0000ff; text-align: left;\" href=\"https:\/\/maps.google.com.br\/maps\/ms?msa=0&amp;msid=216491826839873877153.0004c1bb9b3da3f42a116&amp;hl=pt-BR&amp;ie=UTF8&amp;ll=-23.482684,-46.641311&amp;spn=0,0&amp;t=h&amp;source=embed\" target=\"_blank\" rel=\"noopener\">Av. do Guac\u00e1, 171 &#8211; Mandaqui &#8211; S\u00e3o Paulo &#8211; SP<\/a> em um mapa maior<\/small><\/p>\n\n\n<\/div>\t\t\t\t\t\t<\/div>\n\t\t\t\t<\/div>\n\t\t\t\t<\/div>\n\t\t\t\t\t<\/div>\n\t\t\t\t<\/div>\n\t\t\t\t<\/div>\n\t\t","protected":false},"excerpt":{"rendered":"<p>Localiza\u00e7\u00e3o Visualizar Av. do Guac\u00e1, 171 &#8211; Mandaqui &#8211; S\u00e3o Paulo &#8211; SP em um mapa maior<\/p>\n","protected":false},"author":1,"featured_media":0,"parent":0,"menu_order":0,"comment_status":"closed","ping_status":"closed","template":"","meta":{"_eb_attr":"","footnotes":""},"class_list":["post-1774","page","type-page","status-publish","hentry"],"_links":{"self":[{"href":"https:\/\/ventilmanetti.ind.br\/index.php\/wp-json\/wp\/v2\/pages\/1774"}],"collection":[{"href":"https:\/\/ventilmanetti.ind.br\/index.php\/wp-json\/wp\/v2\/pages"}],"about":[{"href":"https:\/\/ventilmanetti.ind.br\/index.php\/wp-json\/wp\/v2\/types\/page"}],"author":[{"embeddable":true,"href":"https:\/\/ventilmanetti.ind.br\/index.php\/wp-json\/wp\/v2\/users\/1"}],"replies":[{"embeddable":true,"href":"https:\/\/ventilmanetti.ind.br\/index.php\/wp-json\/wp\/v2\/comments?post=1774"}],"version-history":[{"count":34,"href":"https:\/\/ventilmanetti.ind.br\/index.php\/wp-json\/wp\/v2\/pages\/1774\/revisions"}],"predecessor-version":[{"id":3001,"href":"https:\/\/ventilmanetti.ind.br\/index.php\/wp-json\/wp\/v2\/pages\/1774\/revisions\/3001"}],"wp:attachment":[{"href":"https:\/\/ventilmanetti.ind.br\/index.php\/wp-json\/wp\/v2\/media?parent=1774"}],"curies":[{"name":"wp","href":"https:\/\/api.w.org\/{rel}","templated":true}]}}