{"id":2324,"date":"2024-03-06T18:21:06","date_gmt":"2024-03-06T18:21:06","guid":{"rendered":"https:\/\/ventilmanetti.ind.br\/?page_id=2324"},"modified":"2024-03-06T18:37:38","modified_gmt":"2024-03-06T18:37:38","slug":"estrutura-final","status":"publish","type":"page","link":"https:\/\/ventilmanetti.ind.br\/index.php\/estrutura-final\/","title":{"rendered":"Estrutura"},"content":{"rendered":"\t\t<div data-elementor-type=\"wp-page\" data-elementor-id=\"2324\" class=\"elementor elementor-2324\">\n\t\t\t\t<div class=\"elementor-element elementor-element-8bed1e1 e-flex e-con-boxed e-con e-parent\" data-id=\"8bed1e1\" data-element_type=\"container\">\n\t\t\t\t\t<div class=\"e-con-inner\">\n\t\t<div class=\"elementor-element elementor-element-d0a3078 e-flex e-con-boxed e-con e-child\" data-id=\"d0a3078\" data-element_type=\"container\">\n\t\t\t\t\t<div class=\"e-con-inner\">\n\t\t<div class=\"elementor-element elementor-element-58c08e0 e-flex e-con-boxed e-con e-child\" data-id=\"58c08e0\" data-element_type=\"container\">\n\t\t\t\t\t<div class=\"e-con-inner\">\n\t\t\t\t<div class=\"elementor-element elementor-element-470a424 elementor-widget elementor-widget-heading\" data-id=\"470a424\" data-element_type=\"widget\" data-widget_type=\"heading.default\">\n\t\t\t\t<div class=\"elementor-widget-container\">\n\t\t\t<h3 class=\"elementor-heading-title elementor-size-default\">Estrutura<\/h3>\t\t<\/div>\n\t\t\t\t<\/div>\n\t\t\t\t<div class=\"elementor-element elementor-element-f9ae0d4 elementor-widget__width-initial elementor-widget-divider--view-line elementor-widget elementor-widget-divider\" data-id=\"f9ae0d4\" data-element_type=\"widget\" data-widget_type=\"divider.default\">\n\t\t\t\t<div class=\"elementor-widget-container\">\n\t\t\t\t\t<div class=\"elementor-divider\">\n\t\t\t<span class=\"elementor-divider-separator\">\n\t\t\t\t\t\t<\/span>\n\t\t<\/div>\n\t\t\t\t<\/div>\n\t\t\t\t<\/div>\n\t\t\t\t<div class=\"elementor-element elementor-element-d510238 elementor-widget elementor-widget-heading\" data-id=\"d510238\" data-element_type=\"widget\" data-widget_type=\"heading.default\">\n\t\t\t\t<div class=\"elementor-widget-container\">\n\t\t\t<h2 class=\"elementor-heading-title elementor-size-medium\">Estrutura Organizacional<\/h2>\t\t<\/div>\n\t\t\t\t<\/div>\n\t\t\t\t\t<\/div>\n\t\t\t\t<\/div>\n\t\t\t\t\t<\/div>\n\t\t\t\t<\/div>\n\t\t<div class=\"elementor-element elementor-element-4186eab e-flex e-con-boxed e-con e-child\" data-id=\"4186eab\" data-element_type=\"container\">\n\t\t\t\t\t<div class=\"e-con-inner\">\n\t\t\t\t<div class=\"elementor-element elementor-element-1988950 elementor-widget elementor-widget-text-editor\" data-id=\"1988950\" data-element_type=\"widget\" data-widget_type=\"text-editor.default\">\n\t\t\t\t<div class=\"elementor-widget-container\">\n\t\t\t\t\t\t\tNossa estrutura organizacional \u00e9 mostrada no organograma, estabelecendo as inter-rela\u00e7\u00f5es do pessoal que dirige, ger\u00eancia, executa e verifica os trabalhos que afetam a qualidade de nossos servi\u00e7os.\n\nA responsabilidade e a autoridade para a execu\u00e7\u00e3o das rotinas do sistema da qualidade est\u00e3o delegadas aos respons\u00e1veis das \u00e1reas como parte integrante das responsabilidades a eles definidas. Estes podem delegar autoridade para implementa\u00e7\u00e3o e manuten\u00e7\u00e3o das atividades da qualidade \u00e0 sua \u00e1rea funcional, por\u00e9m, mant\u00e9m a responsabilidade por sua coordena\u00e7\u00e3o.\n\nO Departamento da Qualidade \u00e9 constitu\u00eddo pela pr\u00f3pria diretoria, desta forma, garantindo que os requisitos deste Manual da Qualidade sejam efetivamente implementados e mantidos.\t\t\t\t\t\t<\/div>\n\t\t\t\t<\/div>\n\t\t\t\t\t<\/div>\n\t\t\t\t<\/div>\n\t\t\t\t\t<\/div>\n\t\t\t\t<\/div>\n\t\t\t\t<\/div>\n\t\t","protected":false},"excerpt":{"rendered":"<p>Estrutura Estrutura Organizacional Nossa estrutura organizacional \u00e9 mostrada no organograma, estabelecendo as inter-rela\u00e7\u00f5es do pessoal que dirige, ger\u00eancia, executa e verifica os trabalhos que afetam a qualidade de nossos servi\u00e7os. A responsabilidade e a autoridade para a execu\u00e7\u00e3o das rotinas do sistema da qualidade est\u00e3o delegadas aos respons\u00e1veis das \u00e1reas como parte integrante das responsabilidades [&hellip;]<\/p>\n","protected":false},"author":1,"featured_media":0,"parent":0,"menu_order":0,"comment_status":"closed","ping_status":"closed","template":"","meta":{"_eb_attr":"","footnotes":""},"class_list":["post-2324","page","type-page","status-publish","hentry"],"_links":{"self":[{"href":"https:\/\/ventilmanetti.ind.br\/index.php\/wp-json\/wp\/v2\/pages\/2324"}],"collection":[{"href":"https:\/\/ventilmanetti.ind.br\/index.php\/wp-json\/wp\/v2\/pages"}],"about":[{"href":"https:\/\/ventilmanetti.ind.br\/index.php\/wp-json\/wp\/v2\/types\/page"}],"author":[{"embeddable":true,"href":"https:\/\/ventilmanetti.ind.br\/index.php\/wp-json\/wp\/v2\/users\/1"}],"replies":[{"embeddable":true,"href":"https:\/\/ventilmanetti.ind.br\/index.php\/wp-json\/wp\/v2\/comments?post=2324"}],"version-history":[{"count":8,"href":"https:\/\/ventilmanetti.ind.br\/index.php\/wp-json\/wp\/v2\/pages\/2324\/revisions"}],"predecessor-version":[{"id":2338,"href":"https:\/\/ventilmanetti.ind.br\/index.php\/wp-json\/wp\/v2\/pages\/2324\/revisions\/2338"}],"wp:attachment":[{"href":"https:\/\/ventilmanetti.ind.br\/index.php\/wp-json\/wp\/v2\/media?parent=2324"}],"curies":[{"name":"wp","href":"https:\/\/api.w.org\/{rel}","templated":true}]}}